{"id":5936,"date":"2020-10-19T09:58:58","date_gmt":"2020-10-19T07:58:58","guid":{"rendered":"https:\/\/de.stebatec.ch\/imprint\/"},"modified":"2023-05-09T15:50:03","modified_gmt":"2023-05-09T13:50:03","slug":"imprint","status":"publish","type":"page","link":"https:\/\/www.stebatec.com\/fr\/mentions-legales\/","title":{"rendered":"Mentions l\u00e9gales"},"content":{"rendered":"<h2>STEBATEC SA<\/h2>\n<p>Mattenstrasse 6a<br \/>\nCH-2555 Br\u00fcgg<\/p>\n<p>T\u00e9l +41 32 366 95 95<\/p>\n<p><a href=\"&#109;&#x61;&#x69;&#108;&#x74;&#x6f;&#58;&#x69;&#x6e;&#102;&#x6f;&#x40;&#115;&#x74;&#x65;&#98;&#x61;&#x74;&#101;&#x63;&#x2e;&#99;&#x68;\">&#x69;&#x6e;&#x66;&#x6f;&#x40;&#x73;&#x74;&#101;&#98;&#97;&#116;&#101;c&#46;ch<\/a><br \/>\n<a href=\"https:\/\/www.stebatec.com\">www.stebatec.com<\/a><\/p>\n<p>Tribunal d&rsquo;enregistrement : Tribunal d&rsquo;instance du canton de Berne<br \/>\nNum\u00e9ro d&rsquo;entreprise : CH-36.4.040.702-1.<br \/>\nNum\u00e9ro d&rsquo;identification \u00e0 la taxe sur la valeur ajout\u00e9e : CHE-113.961.576<\/p>\n<p>Directeur : M. Kilian Hesse<br \/>\nResponsable du contenu : M. Kilian Hesse<\/p>\n<p>Clause de non-responsabilit\u00e9 :<br \/>\nMalgr\u00e9 un contr\u00f4le minutieux du contenu, nous n&rsquo;assumons aucune responsabilit\u00e9 pour le contenu des liens externes. Les exploitants des pages li\u00e9es sont seuls responsables du contenu de leurs pages.<\/p>\n","protected":false},"excerpt":{"rendered":"<p>STEBATEC SA Mattenstrasse 6a CH-2555 Br\u00fcgg T\u00e9l +41 32 366 95 95 &#105;n&#x66;o&#x40;&#115;&#x74;&#101;&#x62;&#97;t&#x65;c&#x2e;&#99;&#x68; www.stebatec.com Tribunal d&rsquo;enregistrement : Tribunal d&rsquo;instance du canton de Berne Num\u00e9ro d&rsquo;entreprise : CH-36.4.040.702-1. Num\u00e9ro d&rsquo;identification \u00e0 la taxe sur la valeur ajout\u00e9e : CHE-113.961.576 Directeur : M. Kilian Hesse Responsable du contenu : M. Kilian Hesse Clause de non-responsabilit\u00e9 : Malgr\u00e9 [&hellip;]<\/p>\n","protected":false},"author":1,"featured_media":15561,"parent":0,"menu_order":0,"comment_status":"closed","ping_status":"closed","template":"","meta":{"_acf_changed":false,"footnotes":""},"class_list":["post-5936","page","type-page","status-publish","has-post-thumbnail","hentry"],"acf":[],"_links":{"self":[{"href":"https:\/\/www.stebatec.com\/fr\/wp-json\/wp\/v2\/pages\/5936","targetHints":{"allow":["GET"]}}],"collection":[{"href":"https:\/\/www.stebatec.com\/fr\/wp-json\/wp\/v2\/pages"}],"about":[{"href":"https:\/\/www.stebatec.com\/fr\/wp-json\/wp\/v2\/types\/page"}],"author":[{"embeddable":true,"href":"https:\/\/www.stebatec.com\/fr\/wp-json\/wp\/v2\/users\/1"}],"replies":[{"embeddable":true,"href":"https:\/\/www.stebatec.com\/fr\/wp-json\/wp\/v2\/comments?post=5936"}],"version-history":[{"count":0,"href":"https:\/\/www.stebatec.com\/fr\/wp-json\/wp\/v2\/pages\/5936\/revisions"}],"wp:featuredmedia":[{"embeddable":true,"href":"https:\/\/www.stebatec.com\/fr\/wp-json\/wp\/v2\/media\/15561"}],"wp:attachment":[{"href":"https:\/\/www.stebatec.com\/fr\/wp-json\/wp\/v2\/media?parent=5936"}],"curies":[{"name":"wp","href":"https:\/\/api.w.org\/{rel}","templated":true}]}}